{"id":395,"date":"2023-09-05T11:16:19","date_gmt":"2023-09-05T11:16:19","guid":{"rendered":"https:\/\/www.olatuhorma.eus\/central-de-compras\/"},"modified":"2023-09-14T07:31:43","modified_gmt":"2023-09-14T07:31:43","slug":"central-de-compras","status":"publish","type":"page","link":"https:\/\/www.olatuhorma.eus\/es\/central-de-compras\/","title":{"rendered":"Central de compras"},"content":{"rendered":"<p>[et_pb_section fb_built=\u00bb1&#8243; _builder_version=\u00bb4.22.1&#8243; _module_preset=\u00bbdefault\u00bb background_image=\u00bbhttps:\/\/www.olatuhorma.eus\/wp-content\/uploads\/2023\/09\/OLATU-HORMA-1.jpg\u00bb custom_padding=\u00bb10%||||false|false\u00bb hover_enabled=\u00bb0&#8243; global_colors_info=\u00bb{}\u00bb sticky_enabled=\u00bb0&#8243;][et_pb_row _builder_version=\u00bb4.22.1&#8243; _module_preset=\u00bbdefault\u00bb custom_padding=\u00bb3px||||false|false\u00bb global_colors_info=\u00bb{}\u00bb][et_pb_column type=\u00bb4_4&#8243; _builder_version=\u00bb4.22.1&#8243; _module_preset=\u00bbdefault\u00bb global_colors_info=\u00bb{}\u00bb][et_pb_text _builder_version=\u00bb4.22.1&#8243; _module_preset=\u00bbdefault\u00bb header_font=\u00bb|800|||||||\u00bb header_text_align=\u00bbcenter\u00bb header_text_color=\u00bb#FFFFFF\u00bb header_font_size=\u00bb50px\u00bb background_enable_image=\u00bboff\u00bb custom_margin=\u00bb||-5px|||\u00bb hover_enabled=\u00bb0&#8243; global_colors_info=\u00bb{}\u00bb header_font_size_last_edited=\u00bbon|phone\u00bb sticky_enabled=\u00bb0&#8243; header_font_size_phone=\u00bb35px\u00bb header_font_size_tablet=\u00bb50px\u00bb]<\/p>\n<h1>CENTRAL DE COMPRAS Y SERVICIOS<\/h1>\n<p>[\/et_pb_text][et_pb_text _builder_version=\u00bb4.22.1&#8243; _module_preset=\u00bbdefault\u00bb text_font=\u00bb|800|||||||\u00bb text_text_color=\u00bb#FFFFFF\u00bb text_font_size=\u00bb20px\u00bb text_orientation=\u00bbcenter\u00bb global_colors_info=\u00bb{}\u00bb]<\/p>\n<p>100% un servicio que puedes dise\u00f1ar a tus necesidades. Ofrecemos una visi\u00f3n externa, creando un protocolo de gesti\u00f3n a tu medida y a la de tu empresa, proponiendo soluciones a problemas concretos.  Diariamente te ayudaremos con actividades administrativas o de suministros para que puedas dedicar tu tiempo a lo que realmente te importa.<\/p>\n<p>[\/et_pb_text][\/et_pb_column][\/et_pb_row][\/et_pb_section][et_pb_section fb_built=\u00bb1&#8243; _builder_version=\u00bb4.22.1&#8243; _module_preset=\u00bbdefault\u00bb background_color=\u00bb#FFFFFF\u00bb global_colors_info=\u00bb{}\u00bb][et_pb_row _builder_version=\u00bb4.22.1&#8243; _module_preset=\u00bbdefault\u00bb global_colors_info=\u00bb{}\u00bb][et_pb_column type=\u00bb4_4&#8243; _builder_version=\u00bb4.22.1&#8243; _module_preset=\u00bbdefault\u00bb global_colors_info=\u00bb{}\u00bb][et_pb_text _builder_version=\u00bb4.22.1&#8243; _module_preset=\u00bbdefault\u00bb text_font=\u00bb|800|||||||\u00bb text_text_color=\u00bb#0F446A\u00bb text_font_size=\u00bb30px\u00bb text_orientation=\u00bbcenter\u00bb hover_enabled=\u00bb0&#8243; global_colors_info=\u00bb{}\u00bb text_font_size_last_edited=\u00bbon|tablet\u00bb text_line_height_last_edited=\u00bbon|phone\u00bb sticky_enabled=\u00bb0&#8243; text_line_height_phone=\u00bb1em\u00bb text_font_size_tablet=\u00bb30px\u00bb text_font_size_phone=\u00bb30px\u00bb]<\/p>\n<p>CU\u00c1LES SON LOS SERVICIOS QUE PRESTAMOS<\/p>\n<p>[\/et_pb_text][\/et_pb_column][\/et_pb_row][et_pb_row column_structure=\u00bb1_3,1_3,1_3&#8243; _builder_version=\u00bb4.22.1&#8243; _module_preset=\u00bbdefault\u00bb global_colors_info=\u00bb{}\u00bb][et_pb_column type=\u00bb1_3&#8243; _builder_version=\u00bb4.22.1&#8243; _module_preset=\u00bbdefault\u00bb global_colors_info=\u00bb{}\u00bb][et_pb_image src=\u00bbhttps:\/\/www.olatuhorma.eus\/wp-content\/uploads\/2023\/09\/trabajos-administrativos-para-empresas.jpg\u00bb title_text=\u00bbtrabajos administrativos para empresas\u00bb _builder_version=\u00bb4.22.1&#8243; _module_preset=\u00bbdefault\u00bb global_colors_info=\u00bb{}\u00bb][\/et_pb_image][et_pb_text _builder_version=\u00bb4.22.1&#8243; _module_preset=\u00bbdefault\u00bb text_font=\u00bb|800|||||||\u00bb text_text_color=\u00bb#0F446A\u00bb text_font_size=\u00bb18px\u00bb text_orientation=\u00bbcenter\u00bb hover_enabled=\u00bb0&#8243; global_colors_info=\u00bb{}\u00bb sticky_enabled=\u00bb0&#8243; text_font_size_last_edited=\u00bbon|phone\u00bb text_font_size_tablet=\u00bb25px\u00bb text_font_size_phone=\u00bb25px\u00bb]<\/p>\n<p>Realizamos tareas administrativas para instituciones y empresas.<\/p>\n<p>[\/et_pb_text][\/et_pb_column][et_pb_column type=\u00bb1_3&#8243; _builder_version=\u00bb4.22.1&#8243; _module_preset=\u00bbdefault\u00bb global_colors_info=\u00bb{}\u00bb][et_pb_image src=\u00bbhttps:\/\/www.olatuhorma.eus\/wp-content\/uploads\/2023\/09\/central-de-compras-para-empresas.jpg\u00bb title_text=\u00bbcentral de compras para empresas\u00bb _builder_version=\u00bb4.22.1&#8243; _module_preset=\u00bbdefault\u00bb global_colors_info=\u00bb{}\u00bb][\/et_pb_image][et_pb_text _builder_version=\u00bb4.22.1&#8243; _module_preset=\u00bbdefault\u00bb text_font=\u00bb|800|||||||\u00bb text_text_color=\u00bb#0F446A\u00bb text_font_size=\u00bb18px\u00bb text_orientation=\u00bbcenter\u00bb hover_enabled=\u00bb0&#8243; global_colors_info=\u00bb{}\u00bb text_font_size_last_edited=\u00bbon|tablet\u00bb text_font_size_tablet=\u00bb25px\u00bb sticky_enabled=\u00bb0&#8243; text_font_size_phone=\u00bb25px\u00bb]<\/p>\n<p>Asesoramiento en aprovisionamiento de proveedores, presupuestos y contrataci\u00f3n log\u00edstica.<\/p>\n<p>[\/et_pb_text][\/et_pb_column][et_pb_column type=\u00bb1_3&#8243; _builder_version=\u00bb4.22.1&#8243; _module_preset=\u00bbdefault\u00bb global_colors_info=\u00bb{}\u00bb][et_pb_image src=\u00bbhttps:\/\/www.olatuhorma.eus\/wp-content\/uploads\/2023\/09\/apoyo-en-organizacion-de-eventos-para-empresas.jpg\u00bb title_text=\u00bbapoyo en organizacion de eventos para empresas\u00bb _builder_version=\u00bb4.22.1&#8243; _module_preset=\u00bbdefault\u00bb global_colors_info=\u00bb{}\u00bb][\/et_pb_image][et_pb_text _builder_version=\u00bb4.22.1&#8243; _module_preset=\u00bbdefault\u00bb text_font=\u00bb|800|||||||\u00bb text_text_color=\u00bb#0F446A\u00bb text_font_size=\u00bb18px\u00bb text_orientation=\u00bbcenter\u00bb hover_enabled=\u00bb0&#8243; global_colors_info=\u00bb{}\u00bb text_font_size_last_edited=\u00bbon|tablet\u00bb text_font_size_tablet=\u00bb25px\u00bb sticky_enabled=\u00bb0&#8243; text_font_size_phone=\u00bb25px\u00bb]<\/p>\n<p>Apoyo en la organizaci\u00f3n de eventos: Alquiler de espacios, catering, carpas, alojamiento, transporte&#8230;<\/p>\n<p>[\/et_pb_text][\/et_pb_column][\/et_pb_row][\/et_pb_section][et_pb_section fb_built=\u00bb1&#8243; _builder_version=\u00bb4.22.1&#8243; _module_preset=\u00bbdefault\u00bb background_color=\u00bb#0F446A\u00bb global_colors_info=\u00bb{}\u00bb][et_pb_row _builder_version=\u00bb4.22.1&#8243; _module_preset=\u00bbdefault\u00bb global_colors_info=\u00bb{}\u00bb][et_pb_column type=\u00bb4_4&#8243; _builder_version=\u00bb4.22.1&#8243; _module_preset=\u00bbdefault\u00bb global_colors_info=\u00bb{}\u00bb][et_pb_text _builder_version=\u00bb4.22.1&#8243; _module_preset=\u00bbdefault\u00bb text_text_color=\u00bb#FFFFFF\u00bb text_font_size=\u00bb18px\u00bb text_orientation=\u00bbcenter\u00bb global_colors_info=\u00bb{}\u00bb]<\/p>\n<p>Desde el Servicio de Rompeolas y la Central de Compras os ofrecemos ayuda subcontratando trabajos de gesti\u00f3n administrativa y asesoramiento externo de proveedores. Beneficios de su entidad: <\/p>\n<p>[\/et_pb_text][\/et_pb_column][\/et_pb_row][et_pb_row column_structure=\u00bb1_3,1_3,1_3&#8243; _builder_version=\u00bb4.22.1&#8243; _module_preset=\u00bbdefault\u00bb global_colors_info=\u00bb{}\u00bb][et_pb_column type=\u00bb1_3&#8243; _builder_version=\u00bb4.22.1&#8243; _module_preset=\u00bbdefault\u00bb global_colors_info=\u00bb{}\u00bb][et_pb_blurb title=\u00bbMejora de la calidad del servicio\u00bb image_icon_background_color=\u00bb#0F446A\u00bb image=\u00bbhttps:\/\/www.olatuhorma.eus\/wp-content\/uploads\/2023\/09\/1-1.png\u00bb image_icon_width=\u00bb75px\u00bb _builder_version=\u00bb4.22.1&#8243; _module_preset=\u00bbdefault\u00bb header_font=\u00bb|800||on|||||\u00bb header_text_align=\u00bbcenter\u00bb header_text_color=\u00bb#FFFFFF\u00bb header_font_size=\u00bb25px\u00bb body_text_align=\u00bbcenter\u00bb body_text_color=\u00bb#FFFFFF\u00bb body_font_size=\u00bb16px\u00bb border_radii_image=\u00bbon|180px|180px|180px|180px\u00bb border_width_all_image=\u00bb10px\u00bb border_color_all_image=\u00bb#0F446A\u00bb global_colors_info=\u00bb{}\u00bb]<\/p>\n<p>Las empresas outsourcing a menudo se especializan en la prestaci\u00f3n de servicios espec\u00edficos, como la atenci\u00f3n al cliente o el an\u00e1lisis de datos. Su experiencia y experiencia en estas \u00e1reas puede suponer una mejora en la calidad del servicio. La externalizaci\u00f3n de proveedores especializados permite a las empresas alcanzar un mayor nivel de profesionalidad, eficiencia y satisfacci\u00f3n del cliente. Esto puede ayudar a construir una reputaci\u00f3n positiva y a tener \u00e9xito en el mercado a largo plazo.   <\/p>\n<p>[\/et_pb_blurb][\/et_pb_column][et_pb_column type=\u00bb1_3&#8243; _builder_version=\u00bb4.22.1&#8243; _module_preset=\u00bbdefault\u00bb global_colors_info=\u00bb{}\u00bb][et_pb_blurb title=\u00bbREDUCCI\u00d3N DE COSTES\u00bb image_icon_background_color=\u00bb#0F446A\u00bb image=\u00bbhttps:\/\/www.olatuhorma.eus\/wp-content\/uploads\/2023\/09\/2.png\u00bb image_icon_width=\u00bb75px\u00bb _builder_version=\u00bb4.22.1&#8243; _module_preset=\u00bbdefault\u00bb header_font=\u00bb|800|||||||\u00bb header_text_align=\u00bbcenter\u00bb header_text_color=\u00bb#FFFFFF\u00bb header_font_size=\u00bb25px\u00bb body_text_align=\u00bbcenter\u00bb body_text_color=\u00bb#FFFFFF\u00bb body_font_size=\u00bb16px\u00bb border_radii_image=\u00bbon|180px|180px|180px|180px\u00bb border_width_all_image=\u00bb10px\u00bb border_color_all_image=\u00bb#0F446A\u00bb global_colors_info=\u00bb{}\u00bb]<\/p>\n<p>Una de las principales ventajas del outsourcing es el ahorro de costes. Al externalizar ciertas funciones, las empresas pueden reducir dr\u00e1sticamente los costes laborales y operativos. Contratar trabajadores a tiempo completo puede ser caro teniendo en cuenta factores como los salarios, las ganancias, el espacio de oficina y el equipo. Outsourcing permite a las empresas pagar por servicios espec\u00edficos en la medida en que sea necesario, reduciendo los costes generales y ofreciendo una mayor flexibilidad en la asignaci\u00f3n del presupuesto.   <\/p>\n<p>[\/et_pb_blurb][\/et_pb_column][et_pb_column type=\u00bb1_3&#8243; _builder_version=\u00bb4.22.1&#8243; _module_preset=\u00bbdefault\u00bb global_colors_info=\u00bb{}\u00bb][et_pb_blurb title=\u00bbAdquisici\u00f3n de la experiencia\u00bb image_icon_background_color=\u00bb#0F446A\u00bb image=\u00bbhttps:\/\/www.olatuhorma.eus\/wp-content\/uploads\/2023\/09\/3.png\u00bb image_icon_width=\u00bb75px\u00bb _builder_version=\u00bb4.22.1&#8243; _module_preset=\u00bbdefault\u00bb header_font=\u00bb|800||on|||||\u00bb header_text_align=\u00bbcenter\u00bb header_text_color=\u00bb#FFFFFF\u00bb header_font_size=\u00bb25px\u00bb body_text_color=\u00bb#FFFFFF\u00bb body_font_size=\u00bb16px\u00bb border_radii_image=\u00bbon|180px|180px|180px|180px\u00bb border_width_all_image=\u00bb10px\u00bb border_color_all_image=\u00bb#0F446A\u00bb global_colors_info=\u00bb{}\u00bb]<\/p>\n<p>Gracias al outsourcing, las empresas aprovechan una gran variedad de habilidades y conocimientos especializados. Al delegar algunas tareas en profesionales externos especializados en estas \u00e1reas, las empresas pueden asegurar resultados de mayor calidad. Por ejemplo, la contrataci\u00f3n de una empresa de outsourcing para soporte inform\u00e1tico garantiza el acceso de expertos tecnol\u00f3gicos actualizados en las \u00faltimas tecnolog\u00edas y mejores pr\u00e1cticas.\n<\/p>\n<p>[\/et_pb_blurb][\/et_pb_column][\/et_pb_row][et_pb_row column_structure=\u00bb1_3,1_3,1_3&#8243; _builder_version=\u00bb4.22.1&#8243; _module_preset=\u00bbdefault\u00bb global_colors_info=\u00bb{}\u00bb][et_pb_column type=\u00bb1_3&#8243; _builder_version=\u00bb4.22.1&#8243; _module_preset=\u00bbdefault\u00bb global_colors_info=\u00bb{}\u00bb][et_pb_blurb title=\u00bbConcentraci\u00f3n en las capacidades principales\u00bb image_icon_background_color=\u00bb#0F446A\u00bb image=\u00bbhttps:\/\/www.olatuhorma.eus\/wp-content\/uploads\/2023\/09\/4.png\u00bb image_icon_width=\u00bb75px\u00bb _builder_version=\u00bb4.22.1&#8243; _module_preset=\u00bbdefault\u00bb header_font=\u00bb|800||on|||||\u00bb header_text_align=\u00bbcenter\u00bb header_text_color=\u00bb#FFFFFF\u00bb header_font_size=\u00bb25px\u00bb body_text_align=\u00bbcenter\u00bb body_text_color=\u00bb#FFFFFF\u00bb body_font_size=\u00bb16px\u00bb border_radii_image=\u00bbon|180px|180px|180px|180px\u00bb border_width_all_image=\u00bb10px\u00bb border_color_all_image=\u00bb#0F446A\u00bb global_colors_info=\u00bb{}\u00bb]<\/p>\n<p>La externalizaci\u00f3n de las funciones no principales permite a las empresas centrar sus recursos internos en sus competencias principales. En lugar de dedicar tiempo y energ\u00eda a tareas que no est\u00e1n directamente relacionadas con los objetivos principales, las empresas pueden centrarse en las principales actividades. Este mayor enfoque puede conducir a una mayor eficiencia, productividad y competitividad en el mercado.  <\/p>\n<p>[\/et_pb_blurb][\/et_pb_column][et_pb_column type=\u00bb1_3&#8243; _builder_version=\u00bb4.22.1&#8243; _module_preset=\u00bbdefault\u00bb global_colors_info=\u00bb{}\u00bb][et_pb_blurb title=\u00bbFlexibilidad y escalabilidad\u00bb image_icon_background_color=\u00bb#0F446A\u00bb image=\u00bbhttps:\/\/www.olatuhorma.eus\/wp-content\/uploads\/2023\/09\/5.png\u00bb image_icon_width=\u00bb75px\u00bb _builder_version=\u00bb4.22.1&#8243; _module_preset=\u00bbdefault\u00bb header_font=\u00bb|800||on|||||\u00bb header_text_align=\u00bbcenter\u00bb header_text_color=\u00bb#FFFFFF\u00bb header_font_size=\u00bb25px\u00bb body_text_align=\u00bbcenter\u00bb body_text_color=\u00bb#FFFFFF\u00bb body_font_size=\u00bb16px\u00bb border_radii_image=\u00bbon|180px|180px|180px|180px\u00bb border_width_all_image=\u00bb10px\u00bb border_color_all_image=\u00bb#0F446A\u00bb global_colors_info=\u00bb{}\u00bb]<\/p>\n<p>El outsourcing da m\u00e1s flexibilidad y escalabilidad a las empresas. Las empresas pueden ajustar f\u00e1cilmente el nivel de los servicios externalizados en funci\u00f3n de sus necesidades. Para ampliar o reducir las operaciones, el outsourcing ofrece una soluci\u00f3n m\u00e1s escalable con respecto a la contrataci\u00f3n de trabajadores o el despido. Esta adaptabilidad permite a las empresas responder r\u00e1pidamente a los cambios del mercado sin generar costes significativos o interrupciones de operaciones.   <\/p>\n<p>[\/et_pb_blurb][\/et_pb_column][et_pb_column type=\u00bb1_3&#8243; _builder_version=\u00bb4.22.1&#8243; _module_preset=\u00bbdefault\u00bb global_colors_info=\u00bb{}\u00bb][et_pb_blurb title=\u00bbRiesgo bajo\u00bb image_icon_background_color=\u00bb#0F446A\u00bb image=\u00bbhttps:\/\/www.olatuhorma.eus\/wp-content\/uploads\/2023\/09\/6.png\u00bb image_icon_width=\u00bb75px\u00bb _builder_version=\u00bb4.22.1&#8243; _module_preset=\u00bbdefault\u00bb header_font=\u00bb|800||on|||||\u00bb header_text_align=\u00bbcenter\u00bb header_text_color=\u00bb#FFFFFF\u00bb header_font_size=\u00bb25px\u00bb body_text_align=\u00bbcenter\u00bb body_text_color=\u00bb#FFFFFF\u00bb body_font_size=\u00bb16px\u00bb border_radii_image=\u00bbon|180px|180px|180px|180px\u00bb border_width_all_image=\u00bb10px\u00bb border_color_all_image=\u00bb#0F446A\u00bb global_colors_info=\u00bb{}\u00bb]<\/p>\n<p>El outsourcing transfiere al proveedor de servicios una serie de riesgos asociados a tareas o proyectos espec\u00edficos. Esto puede resultar especialmente beneficioso al embarcarse en nuevas iniciativas o entrar en mercados desconocidos. Al aprovechar la experiencia y los recursos de una empresa de outsourcing, las empresas pueden minimizar su exposici\u00f3n a posibles riesgos e incertidumbres. El proveedor Outsourcing asume la responsabilidad de gestionar y mitigar los riesgos, lo que permite a la empresa aumentar su confianza en sus principales objetivos.\n<\/p>\n<p>[\/et_pb_blurb][\/et_pb_column][\/et_pb_row][\/et_pb_section][et_pb_section fb_built=\u00bb1&#8243; _builder_version=\u00bb4.22.1&#8243; _module_preset=\u00bbdefault\u00bb global_colors_info=\u00bb{}\u00bb][et_pb_row column_structure=\u00bb1_2,1_2&#8243; _builder_version=\u00bb4.22.1&#8243; _module_preset=\u00bbdefault\u00bb custom_margin=\u00bb52px|auto||auto||\u00bb global_colors_info=\u00bb{}\u00bb][et_pb_column type=\u00bb1_2&#8243; _builder_version=\u00bb4.22.1&#8243; _module_preset=\u00bbdefault\u00bb global_colors_info=\u00bb{}\u00bb][et_pb_image src=\u00bbhttps:\/\/www.olatuhorma.eus\/wp-content\/uploads\/2023\/09\/outsourcing-para-empresas.jpg\u00bb title_text=\u00bboutsourcing para empresas\u00bb _builder_version=\u00bb4.22.1&#8243; _module_preset=\u00bbdefault\u00bb global_colors_info=\u00bb{}\u00bb][\/et_pb_image][\/et_pb_column][et_pb_column type=\u00bb1_2&#8243; _builder_version=\u00bb4.22.1&#8243; _module_preset=\u00bbdefault\u00bb global_colors_info=\u00bb{}\u00bb][et_pb_text _builder_version=\u00bb4.22.1&#8243; _module_preset=\u00bbdefault\u00bb text_font=\u00bb|800||on|||||\u00bb text_text_color=\u00bb#0F446A\u00bb text_font_size=\u00bb30px\u00bb text_orientation=\u00bbcenter\u00bb custom_margin=\u00bb||8px|||\u00bb global_colors_info=\u00bb{}\u00bb]\u00bfC\u00f3mo trabajamos?[\/et_pb_text][et_pb_divider divider_weight=\u00bb1px\u00bb _builder_version=\u00bb4.22.1&#8243; _module_preset=\u00bbdefault\u00bb custom_margin=\u00bb||15px|||\u00bb custom_padding=\u00bb||||false|true\u00bb global_colors_info=\u00bb{}\u00bb][\/et_pb_divider][et_pb_text _builder_version=\u00bb4.22.1&#8243; _module_preset=\u00bbdefault\u00bb text_text_color=\u00bb#082438&#8243; text_font_size=\u00bb18px\u00bb text_orientation=\u00bbcenter\u00bb global_colors_info=\u00bb{}\u00bb]<\/p>\n<p>Trabajando mano a mano con el responsable de la empresa. Un asesor le preguntar\u00e1 por la situaci\u00f3n, las estructuras y las preocupaciones de la empresa, qu\u00e9 quiere mejorar, porque cree que se est\u00e1 haciendo bien o mal. Queremos saber cu\u00e1l es su situaci\u00f3n actual para crear juntos un camino que nos lleve a una gesti\u00f3n correcta en el futuro.  <\/p>\n<p>[\/et_pb_text][et_pb_button button_text=\u00bbContacta con nosotros\u00bb button_alignment=\u00bbcenter\u00bb _builder_version=\u00bb4.22.1&#8243; _module_preset=\u00bbdefault\u00bb custom_button=\u00bbon\u00bb button_text_color=\u00bb#FFFFFF\u00bb button_bg_color=\u00bb#0F446A\u00bb button_border_width=\u00bb0px\u00bb button_letter_spacing=\u00bb0px\u00bb button_use_icon=\u00bboff\u00bb hover_enabled=\u00bb0&#8243; global_colors_info=\u00bb{}\u00bb button_text_color__hover_enabled=\u00bbon|hover\u00bb button_text_color__hover=\u00bb#0F446A\u00bb button_bg_color__hover_enabled=\u00bbon|hover\u00bb button_bg_color__hover=\u00bb#FFFFFF\u00bb button_bg_enable_color__hover=\u00bbon\u00bb button_url=\u00bbhttps:\/\/www.olatuhorma.eus\/es\/contacto\/\u00bb sticky_enabled=\u00bb0&#8243;][\/et_pb_button][\/et_pb_column][\/et_pb_row][\/et_pb_section]<\/p>\n","protected":false},"excerpt":{"rendered":"<p>CENTRAL DE COMPRAS Y SERVICIOS100% un servicio que puedes dise\u00f1ar a tus necesidades. Ofrecemos una visi\u00f3n externa, creando un protocolo de gesti\u00f3n a tu medida y a la de tu empresa, proponiendo soluciones a problemas concretos. Diariamente te ayudaremos con actividades administrativas o de suministros para que puedas dedicar tu tiempo a lo que realmente [&hellip;]<\/p>\n","protected":false},"author":1,"featured_media":0,"parent":0,"menu_order":0,"comment_status":"closed","ping_status":"closed","template":"","meta":{"_et_pb_use_builder":"on","_et_pb_old_content":"","_et_gb_content_width":"","footnotes":""},"class_list":["post-395","page","type-page","status-publish","hentry"],"_links":{"self":[{"href":"https:\/\/www.olatuhorma.eus\/es\/wp-json\/wp\/v2\/pages\/395","targetHints":{"allow":["GET"]}}],"collection":[{"href":"https:\/\/www.olatuhorma.eus\/es\/wp-json\/wp\/v2\/pages"}],"about":[{"href":"https:\/\/www.olatuhorma.eus\/es\/wp-json\/wp\/v2\/types\/page"}],"author":[{"embeddable":true,"href":"https:\/\/www.olatuhorma.eus\/es\/wp-json\/wp\/v2\/users\/1"}],"replies":[{"embeddable":true,"href":"https:\/\/www.olatuhorma.eus\/es\/wp-json\/wp\/v2\/comments?post=395"}],"version-history":[{"count":7,"href":"https:\/\/www.olatuhorma.eus\/es\/wp-json\/wp\/v2\/pages\/395\/revisions"}],"predecessor-version":[{"id":435,"href":"https:\/\/www.olatuhorma.eus\/es\/wp-json\/wp\/v2\/pages\/395\/revisions\/435"}],"wp:attachment":[{"href":"https:\/\/www.olatuhorma.eus\/es\/wp-json\/wp\/v2\/media?parent=395"}],"curies":[{"name":"wp","href":"https:\/\/api.w.org\/{rel}","templated":true}]}}