{"id":407,"date":"2023-09-06T10:20:36","date_gmt":"2023-09-06T10:20:36","guid":{"rendered":"https:\/\/www.olatuhorma.eus\/politica-de-cookies\/"},"modified":"2023-09-14T00:31:04","modified_gmt":"2023-09-14T00:31:04","slug":"politica-de-cookies","status":"publish","type":"page","link":"https:\/\/www.olatuhorma.eus\/es\/politica-de-cookies\/","title":{"rendered":"POL\u00cdTICA DE COOKIES"},"content":{"rendered":"<p>[et_pb_section fb_built=\u00bb1&#8243; admin_label=\u00bbsection\u00bb _builder_version=\u00bb4.22.1&#8243; background_color=\u00bb#518DB8&#8243; global_colors_info=\u00bb{}\u00bb theme_builder_area=\u00bbpost_content\u00bb][et_pb_row _builder_version=\u00bb4.22.1&#8243; _module_preset=\u00bbdefault\u00bb global_colors_info=\u00bb{}\u00bb theme_builder_area=\u00bbpost_content\u00bb][et_pb_column type=\u00bb4_4&#8243; _builder_version=\u00bb4.22.1&#8243; _module_preset=\u00bbdefault\u00bb global_colors_info=\u00bb{}\u00bb theme_builder_area=\u00bbpost_content\u00bb][et_pb_text _builder_version=\u00bb4.22.1&#8243; _module_preset=\u00bbdefault\u00bb text_font=\u00bb|300|||||||\u00bb text_text_color=\u00bb#FFFFFF\u00bb text_font_size=\u00bb16px\u00bb header_font=\u00bb|800|||||||\u00bb header_text_color=\u00bb#FFFFFF\u00bb hover_enabled=\u00bb0&#8243; global_colors_info=\u00bb{}\u00bb theme_builder_area=\u00bbpost_content\u00bb sticky_enabled=\u00bb0&#8243;]<\/p>\n<h1>POL\u00cdTICA DE COOKIES<\/h1>\n<p>El Real Decreto-ley 13\/2012, del 30 de marzo, dispone hasta qu\u00e9 punto debe detallarse informaci\u00f3n sobre las cookies, por lo que, para su cumplimiento, en esta p\u00e1gina se informa sobre la pol\u00edtica de cookies de la web teilafabrika.eus. Una cookie es un fichero que se descarga en el ordenador al acceder a determinadas p\u00e1ginas web. Las cookies permiten a una p\u00e1gina web, entre otras cosas, almacenar y recuperar informaci\u00f3n sobre los h\u00e1bitos de navegaci\u00f3n de una persona usuaria o de su equipo y, dependiendo de la informaci\u00f3n que contengan y de la forma en que utilice su equipo, pueden utilizarse para reconocer a la persona usuaria.   <\/p>\n<p>Tipos de cookies que utiliza este sitio web:<\/p>\n<p>Nuestro sitio web utiliza tanto cookies propias como de terceros. Las cookies de terceros que utiliza teilafabrika.eus son las cookies de an\u00e1lisis de Google Analytics; no se utilizan cookies de publicidad ni relacionadas con publicidad comportamental. <\/p>\n<p>Cookies de an\u00e1lisis son aquellas que permiten cuantificar el n\u00famero de personas usuarias y as\u00ed realizar la medici\u00f3n y an\u00e1lisis estad\u00edstico de la utilizaci\u00f3n del servicio web. teilafabrika.eus analiza la navegaci\u00f3n en la p\u00e1gina web, con el fin de mejorar la oferta de servicios. <\/p>\n<p>Cookies propias son aquellas que la propia web env\u00eda al equipo de la persona usuaria desde un equipo o dominio gestionado por ella y desde el que se presta el servicio solicitado por la persona usuaria. Dichas cookies no est\u00e1n incluidas en el \u00e1mbito de aplicaci\u00f3n del art\u00edculo 22.2 de la Ley de Servicios de la Sociedad de la Informaci\u00f3n, por lo que no es necesario informar sobre ellas o solicitar permiso para su utilizaci\u00f3n. <\/p>\n<p>Informaci\u00f3n sobre la desactivaci\u00f3n o eliminaci\u00f3n de las cookies<\/p>\n<p>Puede usted permitir, bloquear o eliminar las cookies instaladas en su equipo mediante la configuraci\u00f3n de las opciones del navegador instalado en su ordenador:<\/p>\n<p>Informaci\u00f3n sobre las cookies en Internet Explorer.<br \/>\nInformaci\u00f3n sobre las cookies en Google Chrome.<br \/>\nInformaci\u00f3n sobre las cookies en Mozilla Firefox.<br \/>\nInformaci\u00f3n sobre las cookies en Safari.<br \/>\nSi la persona usuaria desea invalidar la cookie de an\u00e1lisis de este sitio web, puede utilizar los sistemas de exclusi\u00f3n facilitados por Google Analytics.[\/et_pb_text][\/et_pb_column][\/et_pb_row][\/et_pb_section]<\/p>\n","protected":false},"excerpt":{"rendered":"<p>POL\u00cdTICA DE COOKIES El Real Decreto-ley 13\/2012, del 30 de marzo, dispone hasta qu\u00e9 punto debe detallarse informaci\u00f3n sobre las cookies, por lo que, para su cumplimiento, en esta p\u00e1gina se informa sobre la pol\u00edtica de cookies de la web teilafabrika.eus. Una cookie es un fichero que se descarga en el ordenador al acceder a [&hellip;]<\/p>\n","protected":false},"author":1,"featured_media":0,"parent":0,"menu_order":0,"comment_status":"closed","ping_status":"closed","template":"","meta":{"_et_pb_use_builder":"on","_et_pb_old_content":"","_et_gb_content_width":"","footnotes":""},"class_list":["post-407","page","type-page","status-publish","hentry"],"_links":{"self":[{"href":"https:\/\/www.olatuhorma.eus\/es\/wp-json\/wp\/v2\/pages\/407","targetHints":{"allow":["GET"]}}],"collection":[{"href":"https:\/\/www.olatuhorma.eus\/es\/wp-json\/wp\/v2\/pages"}],"about":[{"href":"https:\/\/www.olatuhorma.eus\/es\/wp-json\/wp\/v2\/types\/page"}],"author":[{"embeddable":true,"href":"https:\/\/www.olatuhorma.eus\/es\/wp-json\/wp\/v2\/users\/1"}],"replies":[{"embeddable":true,"href":"https:\/\/www.olatuhorma.eus\/es\/wp-json\/wp\/v2\/comments?post=407"}],"version-history":[{"count":2,"href":"https:\/\/www.olatuhorma.eus\/es\/wp-json\/wp\/v2\/pages\/407\/revisions"}],"predecessor-version":[{"id":409,"href":"https:\/\/www.olatuhorma.eus\/es\/wp-json\/wp\/v2\/pages\/407\/revisions\/409"}],"wp:attachment":[{"href":"https:\/\/www.olatuhorma.eus\/es\/wp-json\/wp\/v2\/media?parent=407"}],"curies":[{"name":"wp","href":"https:\/\/api.w.org\/{rel}","templated":true}]}}