{"id":410,"date":"2023-09-06T11:04:51","date_gmt":"2023-09-06T11:04:51","guid":{"rendered":"https:\/\/www.olatuhorma.eus\/aviso-legal\/"},"modified":"2023-09-14T00:39:41","modified_gmt":"2023-09-14T00:39:41","slug":"aviso-legal","status":"publish","type":"page","link":"https:\/\/www.olatuhorma.eus\/es\/aviso-legal\/","title":{"rendered":"Aviso Legal"},"content":{"rendered":"<p>[et_pb_section fb_built=\u00bb1&#8243; admin_label=\u00bbsection\u00bb _builder_version=\u00bb4.22.1&#8243; background_color=\u00bb#518DB8&#8243; global_colors_info=\u00bb{}\u00bb theme_builder_area=\u00bbpost_content\u00bb][et_pb_row _builder_version=\u00bb4.22.1&#8243; _module_preset=\u00bbdefault\u00bb global_colors_info=\u00bb{}\u00bb theme_builder_area=\u00bbpost_content\u00bb][et_pb_column type=\u00bb4_4&#8243; _builder_version=\u00bb4.22.1&#8243; _module_preset=\u00bbdefault\u00bb global_colors_info=\u00bb{}\u00bb theme_builder_area=\u00bbpost_content\u00bb][et_pb_text _builder_version=\u00bb4.22.1&#8243; _module_preset=\u00bbdefault\u00bb text_font=\u00bb|300|||||||\u00bb text_text_color=\u00bb#FFFFFF\u00bb text_font_size=\u00bb16px\u00bb header_font=\u00bb|800|||||||\u00bb header_text_color=\u00bb#FFFFFF\u00bb hover_enabled=\u00bb0&#8243; global_colors_info=\u00bb{}\u00bb theme_builder_area=\u00bbpost_content\u00bb sticky_enabled=\u00bb0&#8243;]<\/p>\n<h1>Aviso Legal<\/h1>\n<ol>\n<li>El acceso a este sitio web se encuentra condicionado a la previa lectura y aceptaci\u00f3n por parte de cualquier persona usuaria de los t\u00e9rminos, condiciones, comunicaciones, advertencias y dem\u00e1s avisos legales contenidos en el presente clausulado. El acceso y posterior utilizaci\u00f3n de \u00e9sta por parte de la persona usuaria implicar\u00e1 su conformidad de forma expresa, plena y sin reservas, con la totalidad de su contenido. Si la persona usuaria no estuviera de acuerdo con el contenido de las presentes condiciones generales de navegaci\u00f3n deber\u00e1 abandonar este sitio web, no pudiendo acceder ni disponer de los servicios que \u00e9sta ofrece. Igualmente, acepta de forma expresa y sin excepciones que el acceso y la utilizaci\u00f3n del presente sitio web, de sus servicios y de los contenidos de dichos servicios tiene lugar bajo su \u00fanica y exclusiva responsabilidad.  <br \/>Visitar este sitio web no tiene coste alguno y navegar por ella no requiere de registro previo.\n<p>&nbsp;<\/p>\n<p>Las conexiones con otros sitios web, as\u00ed como el uso que la persona usuaria pueda hacer de las mismas est\u00e1 sujeto a las presentes condiciones generales de uso, a las condiciones generales que cada uno de los sitios web establezca, as\u00ed como los eventuales condicionados espec\u00edficos que los mismos requieran.<\/p>\n<p>Cualquier utilizaci\u00f3n distinta a la autorizada est\u00e1 expresamente prohibida.<\/p>\n<p>Olatu-Horma SLU, Teila Fabrika podr\u00e1 modificar de modo unilateral, en cualquier momento que estime oportuno la configuraci\u00f3n de su sitio web, las condiciones del servicio y su contenido, as\u00ed como eliminarlos, limitarlos o suspenderlos de manera temporal o definitiva, as\u00ed como impedir el acceso a los mismos procurando informar la persona usuaria de dicho cambio, siempre y cuando las circunstancias as\u00ed se lo permitan, a trav\u00e9s de su publicaci\u00f3n en el sitio web. <\/p>\n<\/li>\n<li>Identidad del titular de la presente web :<br \/>Los datos identificativos de la entidad responsable del presente sitio web son los siguientes:<br \/>OLATU-HORMA SLU<br \/>TEILA FABRIKA. Iruresoro pasabidea, 4. 20012 Donostia (Gipuzkoa)<br \/>IFZ: B75195362<br \/>info@teilafabrika.eus<br \/>Inscrita en el Libro 2843 del Resgistro Mercantil de Gipuzkoa, Folio n\u00ba153, hoja SS-40435.  <br \/>Tlfn: 689.659.777 \/ 943.547.497<\/li>\n<li>Derechos y obligaciones de la entidad proveedora de servicios:<br \/>3.1.- Como proveedor del servicio, Olatu-Horma SLU, Teila Fabrika se encuentra obligada a prestar los servicios ofertados por el presente sitio web, a garantizar eficazmente el secreto de las comunicaciones que pudieran existir con la persona usuaria, as\u00ed como a responder a las reclamaciones que eventualmente pudieran plantearse.<br \/>3.2.- En caso de efectuar operaciones de mantenimiento, reparaci\u00f3n, actualizaci\u00f3n o mejora de los servicios, Olatu-Horma SLU, Teila Fabrika tiene el derecho a suspender temporalmente y sin necesidad de preaviso la accesibilidad al presente sitio web, as\u00ed como a reservarse el derecho de prestaci\u00f3n o cancelaci\u00f3n de los servicios, sin perjuicio de lo cual procurar\u00e1n ponerlo en conocimiento de las personas usuarias, siempre que las circunstancias as\u00ed se lo permitan.<br \/>3.3.- El uso que las personas usuarias puedan realizar de los servicios y\/o datos y\/o informaci\u00f3n suministrada a los mismos a trav\u00e9s del presente sitio web se realizar\u00e1 por cuenta y riesgo de la persona usuaria.<br \/>3.4.- Los derechos de propiedad intelectual sobre el presente sitio web son titularidad de Olatu-Horma SLU, Teila Fabrika.<\/li>\n<li>Derechos y obligaciones de la persona usuaria:<br \/>4.1.- En todo momento la persona usuaria, debe realizar un uso l\u00edcito de los servicios del presente sitio web de acuerdo con la legalidad vigente, respetando los derechos de propiedad intelectual de Olatu-Horma SLU, Teila Fabrika.<br \/>En este sentido, garantiza que las actividades realizadas por el usuario a trav\u00e9s de este sitio web se ajustar\u00e1n a la ley, a la moral, al orden p\u00fablico y a las buenas costumbres y que en ning\u00fan caso ser\u00e1n ofensivas para el buen nombre e imagen comercial de la Cooperativa.<br \/>4.2.- La persona usuaria no realizar\u00e1 a trav\u00e9s de los servicios que pone a su disposici\u00f3n Olatu-Horma SLU, Teila Fabrika ninguna acci\u00f3n que cause da\u00f1o o alteraciones de los contenidos, ni obstaculizar\u00e1 el buen funcionamiento del sitio web, no causando problemas t\u00e9cnicos de ninguna \u00edndole, no transfiriendo elementos susceptibles de portar virus inform\u00e1ticos o de da\u00f1ar, interferir o interceptar total o parcialmente el presente sitio web, as\u00ed como a no intervenir o alterar el correo electr\u00f3nico de otras personas usuarias.<br \/>4.3.- La responsabilidad de la persona usuaria sobre la veracidad de los datos introducidos, es exclusiva, por lo que, en caso de haber facilitado datos falsos o inexactos, Olatu-Horma SLU, Teila Fabrika se reserva el derecho a prohibirle el acceso a este sitio web.<\/li>\n<li>Exclusi\u00f3n de garant\u00edas y de responsabilidad por el funcionamiento del sitio web y de sus servicios:<br \/>5.1.- En cualquier caso, Olatu-Horma SLU, Teila Fabrika realizar\u00e1 sus mejores esfuerzos de cara a mantener la disponibilidad continuada del presente sitio web.<br \/>5.2.- Olatu-Horma SLU, Teila Fabrika pone a disposici\u00f3n de las personas usuarias los sistemas de privacidad de datos personales que impidan el acceso a los mismos por parte de terceros. Olatu-Horma SLU, Teila Fabrika ha implantado todas las medidas de seguridad t\u00e9cnicas y organizativas necesarias que garanticen la integridad, confidencialidad y disponibilidad de los datos personales facilitados por la persona usuaria. En este sentido, Olatu-Horma SLU, Teila Fabrika se exime de todo tipo de responsabilidades sobre los da\u00f1os y perjuicios que puedan surgir debido a ese tipo de situaciones.  <br \/>5.3.- Pese a que Olatu-Horma SLU, Teila Fabrika ha implantado todas aquellas medidas adecuadas para garantizar la seguridad en esta materia, no controla ni garantiza la ausencia de virus ni de otros elementos en los contenidos del presente sitio web que puedan producir alteraciones en el sistema inform\u00e1tico (software y hardware) de la persona usuaria o en los documentos electr\u00f3nicos y ficheros almacenados en su sistema inform\u00e1tico.<br \/>Olatu-Horma SLU, Teila Fabrika se exime de cualquier responsabilidad por los da\u00f1os y perjuicios de toda naturaleza que puedan deberse a la presencia de virus en los contenidos que puedan producir alteraciones en el sistema inform\u00e1tico, documentos electr\u00f3nicos, ficheros etc. <br \/>5.4.- Olatu-Horma SLU, Teila Fabrika no tiene obligaci\u00f3n y no controla la utilizaci\u00f3n que las personas usuarias hacen del presente sitio web. En particular, esta sociedad no garantiza que las personas usuarias utilicen el presente sitio web de conformidad con estas condiciones generales y, en su caso, las condiciones particulares que resulten de aplicaci\u00f3n, ni que lo hagan de forma diligente y prudente. <\/li>\n<li>Propiedad intelectual:<br \/>Todos los derechos sobre el contenido de la presente web pertenecen a Olatu-Horma SLU, Teila Fabrika.<br \/>El dise\u00f1o, im\u00e1genes, mapas, gr\u00e1ficos, marcas, r\u00f3tulos, signos distintivos o logotipos de esta web son titularidad de Olatu-Horma SLU, Teila Fabrika que posee leg\u00edtimamente en exclusiva los derechos de explotaci\u00f3n sobre los mismos.<br \/>Los logos o signos distintivos del resto de sociedades integrantes del denominado que pudieran aparecer en este sitio web durante la navegaci\u00f3n de la persona usuaria son titularidad de cada una de ellas, disponiendo leg\u00edtimamente en exclusiva los derechos de explotaci\u00f3n sobre los mismos, consintiendo expresamente que los mismos sean incorporados, en su caso, en el presente sitio web.<br \/>La persona usuaria que acceda a este sitio web no puede copiar, modificar, distribuir, transmitir, reproducir, publicar, ceder, vender los elementos anteriormente mencionados o crear nuevos productos o servicios derivados de la informaci\u00f3n obtenida.<\/li>\n<li>V\u00ednculos o enlaces de este sitio web:<br \/>En el supuesto de que el presente sitio web pudiera contener otros v\u00ednculos o enlaces con otros portales o sitios web no gestionados por Olatu-Horma SLU, Teila Fabrika, esta sociedad manifiesta que no ejerce control alguno sobre dichos portales o sitios web, ni es responsable del contenido de los mismos.<\/li>\n<li>Nulidad e ineficacia de las cl\u00e1usulas:<br \/>Si cualquier cl\u00e1usula de las presentes condiciones generales de navegaci\u00f3n y uso del presente sitio web fuese declarada total o parcialmente nula o ineficaz afectar\u00e1 tan solo a dicha disposici\u00f3n o parte de la misma que resulte nula o ineficaz subsistiendo en todo lo dem\u00e1s, el resto de condiciones generales y teni\u00e9ndose tal disposici\u00f3n o la parte de la misma que resulte afectada por no puesta salvo que, por resultar esencial a las presentes condiciones generales, hubiese de afectarlas de forma integral.<\/li>\n<li>Ley aplicable y jurisdicci\u00f3n:<br \/>Estas condiciones generales de uso y navegaci\u00f3n, as\u00ed como cualquier relaci\u00f3n entre la persona usuaria y Olatu-Horma SLU, Teila Fabrika se regir\u00e1n por la legislaci\u00f3n espa\u00f1ola.<br \/>Para cualquier litigio derivado de la existencia o contenido de las presentes condiciones generales o de las relaciones entre la persona usuaria y Olatu-Horma SLU, Teila Fabrika, ambas partes, con renuncia expresa a cualquier otro fuero que pudiera corresponderles, se someten a la jurisdicci\u00f3n y competencia exclusiva de los Juzgados y Tribunales de Donostia (Gipuzkoa).<\/li>\n<\/ol>\n<p>[\/et_pb_text][\/et_pb_column][\/et_pb_row][\/et_pb_section]<\/p>\n","protected":false},"excerpt":{"rendered":"<p>Aviso Legal El acceso a este sitio web se encuentra condicionado a la previa lectura y aceptaci\u00f3n por parte de cualquier persona usuaria de los t\u00e9rminos, condiciones, comunicaciones, advertencias y dem\u00e1s avisos legales contenidos en el presente clausulado. El acceso y posterior utilizaci\u00f3n de \u00e9sta por parte de la persona usuaria implicar\u00e1 su conformidad de [&hellip;]<\/p>\n","protected":false},"author":1,"featured_media":0,"parent":0,"menu_order":0,"comment_status":"closed","ping_status":"closed","template":"","meta":{"_et_pb_use_builder":"on","_et_pb_old_content":"","_et_gb_content_width":"","footnotes":""},"class_list":["post-410","page","type-page","status-publish","hentry"],"_links":{"self":[{"href":"https:\/\/www.olatuhorma.eus\/es\/wp-json\/wp\/v2\/pages\/410","targetHints":{"allow":["GET"]}}],"collection":[{"href":"https:\/\/www.olatuhorma.eus\/es\/wp-json\/wp\/v2\/pages"}],"about":[{"href":"https:\/\/www.olatuhorma.eus\/es\/wp-json\/wp\/v2\/types\/page"}],"author":[{"embeddable":true,"href":"https:\/\/www.olatuhorma.eus\/es\/wp-json\/wp\/v2\/users\/1"}],"replies":[{"embeddable":true,"href":"https:\/\/www.olatuhorma.eus\/es\/wp-json\/wp\/v2\/comments?post=410"}],"version-history":[{"count":2,"href":"https:\/\/www.olatuhorma.eus\/es\/wp-json\/wp\/v2\/pages\/410\/revisions"}],"predecessor-version":[{"id":412,"href":"https:\/\/www.olatuhorma.eus\/es\/wp-json\/wp\/v2\/pages\/410\/revisions\/412"}],"wp:attachment":[{"href":"https:\/\/www.olatuhorma.eus\/es\/wp-json\/wp\/v2\/media?parent=410"}],"curies":[{"name":"wp","href":"https:\/\/api.w.org\/{rel}","templated":true}]}}